{"id":15,"date":"2023-10-12T19:34:03","date_gmt":"2023-10-12T19:34:03","guid":{"rendered":"http:\/\/102studio.eu\/?page_id=15"},"modified":"2023-10-12T23:32:51","modified_gmt":"2023-10-12T23:32:51","slug":"informacje","status":"publish","type":"page","link":"https:\/\/102studio.eu\/?page_id=15","title":{"rendered":""},"content":{"rendered":"\n<div class=\"wp-block-cover alignfull\" style=\"min-height:700px;aspect-ratio:unset;\"><span aria-hidden=\"true\" class=\"wp-block-cover__background has-background-dim-0 has-background-dim\"><\/span><img loading=\"lazy\" decoding=\"async\" width=\"1456\" height=\"816\" class=\"wp-block-cover__image-background wp-image-67\" alt=\"\" src=\"http:\/\/102studio.eu\/wp-content\/uploads\/2023\/10\/tlo.png\" style=\"object-position:28% 57%\" data-object-fit=\"cover\" data-object-position=\"28% 57%\" srcset=\"https:\/\/102studio.eu\/wp-content\/uploads\/2023\/10\/tlo.png 1456w, https:\/\/102studio.eu\/wp-content\/uploads\/2023\/10\/tlo-300x168.png 300w, https:\/\/102studio.eu\/wp-content\/uploads\/2023\/10\/tlo-1024x574.png 1024w, https:\/\/102studio.eu\/wp-content\/uploads\/2023\/10\/tlo-768x430.png 768w\" sizes=\"auto, (max-width: 1456px) 100vw, 1456px\" \/><div class=\"wp-block-cover__inner-container is-layout-flow wp-block-cover-is-layout-flow\">\n<div style=\"height:80px\" aria-hidden=\"true\" class=\"wp-block-spacer\"><\/div>\n\n\n\n<h1 class=\"wp-block-heading has-text-align-center has-text-color has-background\" style=\"color:#121212;background-color:#ffffff7a;font-size:33px;font-style:italic;font-weight:600\">This Page in english<\/h1>\n\n\n\n<div style=\"height:80px\" aria-hidden=\"true\" class=\"wp-block-spacer\"><\/div>\n<\/div><\/div>\n\n\n\n<div style=\"height:23px\" aria-hidden=\"true\" class=\"wp-block-spacer\"><\/div>\n\n\n\n<h2 class=\"wp-block-heading\" id=\"o_nas\">O nas<\/h2>\n\n\n\n<p>Szerszy opis dzia\u0142alno\u015bci. <\/p>\n\n\n\n<div class=\"wp-block-columns alignwide are-vertically-aligned-top has-background is-layout-flex wp-container-core-columns-is-layout-9d6595d7 wp-block-columns-is-layout-flex\" style=\"background-color:#fff1de45\">\n<div class=\"wp-block-column is-vertically-aligned-top is-layout-flow wp-block-column-is-layout-flow\">\n<figure class=\"wp-block-image size-large\"><img loading=\"lazy\" decoding=\"async\" width=\"819\" height=\"1024\" src=\"http:\/\/102studio.eu\/wp-content\/uploads\/2023\/10\/0_0-819x1024.webp\" alt=\"\" class=\"wp-image-81\" srcset=\"https:\/\/102studio.eu\/wp-content\/uploads\/2023\/10\/0_0-819x1024.webp 819w, https:\/\/102studio.eu\/wp-content\/uploads\/2023\/10\/0_0-240x300.webp 240w, https:\/\/102studio.eu\/wp-content\/uploads\/2023\/10\/0_0-768x960.webp 768w, https:\/\/102studio.eu\/wp-content\/uploads\/2023\/10\/0_0.webp 960w\" sizes=\"auto, (max-width: 819px) 100vw, 819px\" \/><\/figure>\n<\/div>\n\n\n\n<div class=\"wp-block-column is-vertically-aligned-top is-layout-flow wp-block-column-is-layout-flow\" style=\"letter-spacing:0px\">\n<figure class=\"wp-block-image size-large\"><img loading=\"lazy\" decoding=\"async\" width=\"819\" height=\"1024\" src=\"http:\/\/102studio.eu\/wp-content\/uploads\/2023\/10\/0_3-819x1024.webp\" alt=\"\" class=\"wp-image-82\" srcset=\"https:\/\/102studio.eu\/wp-content\/uploads\/2023\/10\/0_3-819x1024.webp 819w, https:\/\/102studio.eu\/wp-content\/uploads\/2023\/10\/0_3-240x300.webp 240w, https:\/\/102studio.eu\/wp-content\/uploads\/2023\/10\/0_3-768x960.webp 768w, https:\/\/102studio.eu\/wp-content\/uploads\/2023\/10\/0_3.webp 960w\" sizes=\"auto, (max-width: 819px) 100vw, 819px\" \/><\/figure>\n<\/div>\n\n\n\n<div class=\"wp-block-column is-vertically-aligned-top is-layout-flow wp-block-column-is-layout-flow\">\n<figure class=\"wp-block-image size-large\"><img loading=\"lazy\" decoding=\"async\" width=\"819\" height=\"1024\" src=\"http:\/\/102studio.eu\/wp-content\/uploads\/2023\/10\/0_1-819x1024.webp\" alt=\"\" class=\"wp-image-84\" srcset=\"https:\/\/102studio.eu\/wp-content\/uploads\/2023\/10\/0_1-819x1024.webp 819w, https:\/\/102studio.eu\/wp-content\/uploads\/2023\/10\/0_1-240x300.webp 240w, https:\/\/102studio.eu\/wp-content\/uploads\/2023\/10\/0_1-768x960.webp 768w, https:\/\/102studio.eu\/wp-content\/uploads\/2023\/10\/0_1.webp 960w\" sizes=\"auto, (max-width: 819px) 100vw, 819px\" \/><\/figure>\n<\/div>\n<\/div>\n\n\n\n<div style=\"height:74px\" aria-hidden=\"true\" class=\"wp-block-spacer\"><\/div>\n\n\n\n<div class=\"wp-block-columns alignfull has-nv-light-bg-background-color has-background is-layout-flex wp-container-core-columns-is-layout-9d6595d7 wp-block-columns-is-layout-flex\">\n<div class=\"wp-block-column is-layout-flow wp-block-column-is-layout-flow\">\n<div style=\"height:19px\" aria-hidden=\"true\" class=\"wp-block-spacer\"><\/div>\n\n\n\n<figure class=\"wp-block-table aligncenter is-style-stripes has-large-font-size\"><table><thead><tr><th class=\"has-text-align-center\" data-align=\"center\">Pozycja<\/th><th><\/th><th class=\"has-text-align-center\" data-align=\"center\">Cena<\/th><\/tr><\/thead><tbody><tr><td class=\"has-text-align-center\" data-align=\"center\">Us\u0142uga 1<\/td><td><\/td><td class=\"has-text-align-center\" data-align=\"center\">22<\/td><\/tr><tr><td class=\"has-text-align-center\" data-align=\"center\">Us\u0142uga 2<\/td><td><\/td><td class=\"has-text-align-center\" data-align=\"center\">23<\/td><\/tr><tr><td class=\"has-text-align-center\" data-align=\"center\">Us\u0142uga 3<\/td><td><\/td><td class=\"has-text-align-center\" data-align=\"center\">23<\/td><\/tr><tr><td class=\"has-text-align-center\" data-align=\"center\">Us\u0142uga 4<\/td><td><\/td><td class=\"has-text-align-center\" data-align=\"center\">23<\/td><\/tr><tr><td class=\"has-text-align-center\" data-align=\"center\"><\/td><td><\/td><td class=\"has-text-align-center\" data-align=\"center\"><\/td><\/tr><\/tbody><\/table><\/figure>\n<\/div>\n\n\n\n<div class=\"wp-block-column has-large-font-size is-layout-flow wp-block-column-is-layout-flow\">\n<h2 class=\"wp-block-heading has-text-align-center\" id=\"cennik\">Cennik<\/h2>\n\n\n\n<p class=\"has-text-align-center has-medium-font-size\">Dodatkowe informacje.<\/p>\n\n\n<div class=\"wp-block-image is-style-rounded\">\n<figure class=\"aligncenter size-full is-resized\"><img loading=\"lazy\" decoding=\"async\" width=\"1456\" height=\"816\" src=\"http:\/\/102studio.eu\/wp-content\/uploads\/2023\/10\/r20-1.png\" alt=\"\" class=\"wp-image-120\" style=\"object-fit:contain;width:457px;height:256px\" srcset=\"https:\/\/102studio.eu\/wp-content\/uploads\/2023\/10\/r20-1.png 1456w, https:\/\/102studio.eu\/wp-content\/uploads\/2023\/10\/r20-1-300x168.png 300w, https:\/\/102studio.eu\/wp-content\/uploads\/2023\/10\/r20-1-1024x574.png 1024w, https:\/\/102studio.eu\/wp-content\/uploads\/2023\/10\/r20-1-768x430.png 768w\" sizes=\"auto, (max-width: 1456px) 100vw, 1456px\" \/><\/figure>\n<\/div><\/div>\n<\/div>\n\n\n\n<div class=\"wp-block-cover alignfull\" style=\"min-height:600px;aspect-ratio:unset;\"><span aria-hidden=\"true\" class=\"wp-block-cover__background has-nv-site-bg-background-color has-background-dim-100 has-background-dim\"><\/span><div class=\"wp-block-cover__inner-container is-layout-flow wp-block-cover-is-layout-flow\">\n<div class=\"wp-block-group\"><div class=\"wp-block-group__inner-container is-layout-flow wp-block-group-is-layout-flow\">\n<div style=\"height:80px\" aria-hidden=\"true\" class=\"wp-block-spacer\"><\/div>\n\n\n\n<div class=\"wp-block-columns alignwide is-layout-flex wp-container-core-columns-is-layout-9d6595d7 wp-block-columns-is-layout-flex\">\n<div class=\"wp-block-column is-vertically-aligned-center is-layout-flow wp-block-column-is-layout-flow\" style=\"flex-basis:50%\">\n<h2 class=\"wp-block-heading has-text-align-left has-neve-text-color-color has-text-color\" id=\"galeria\">Galeria<\/h2>\n\n\n\n<p class=\"has-text-align-left has-neve-text-color-color has-text-color\" style=\"font-size:17px\">Lorem ipsum dolor sit amet, consectetur adipiscing elit. Ut elit tellus, luctus nec ullamcorper mattis, pulvinar dapibus leo.<\/p>\n\n\n\n<div class=\"wp-block-buttons is-content-justification-left is-layout-flex wp-container-core-buttons-is-layout-fdcfc74e wp-block-buttons-is-layout-flex\">\n<div class=\"wp-block-button is-style-primary\"><a class=\"wp-block-button__link wp-element-button\" href=\"#\">Zobacz wi\u0119cej<\/a><\/div>\n<\/div>\n\n\n\n<div style=\"height:40px\" aria-hidden=\"true\" class=\"wp-block-spacer\"><\/div>\n<\/div>\n\n\n\n<div class=\"wp-block-column is-vertically-aligned-center has-background is-layout-flow wp-block-column-is-layout-flow\" style=\"background-color:#fafafa00;flex-basis:50%\">\n<div class=\"wp-block-columns has-nv-light-bg-background-color has-background is-layout-flex wp-container-core-columns-is-layout-9d6595d7 wp-block-columns-is-layout-flex\">\n<div class=\"wp-block-column is-vertically-aligned-top is-layout-flow wp-block-column-is-layout-flow\"><div class=\"wp-block-image\">\n<figure class=\"aligncenter size-large\"><img loading=\"lazy\" decoding=\"async\" width=\"819\" height=\"1024\" src=\"http:\/\/102studio.eu\/wp-content\/uploads\/2023\/10\/0_1-819x1024.webp\" alt=\"\" class=\"wp-image-84\" srcset=\"https:\/\/102studio.eu\/wp-content\/uploads\/2023\/10\/0_1-819x1024.webp 819w, https:\/\/102studio.eu\/wp-content\/uploads\/2023\/10\/0_1-240x300.webp 240w, https:\/\/102studio.eu\/wp-content\/uploads\/2023\/10\/0_1-768x960.webp 768w, https:\/\/102studio.eu\/wp-content\/uploads\/2023\/10\/0_1.webp 960w\" sizes=\"auto, (max-width: 819px) 100vw, 819px\" \/><\/figure>\n<\/div><\/div>\n\n\n\n<div class=\"wp-block-column is-vertically-aligned-top is-layout-flow wp-block-column-is-layout-flow\"><div class=\"wp-block-image\">\n<figure class=\"aligncenter size-large\"><img loading=\"lazy\" decoding=\"async\" width=\"819\" height=\"1024\" src=\"http:\/\/102studio.eu\/wp-content\/uploads\/2023\/10\/0_0-819x1024.webp\" alt=\"\" class=\"wp-image-81\" srcset=\"https:\/\/102studio.eu\/wp-content\/uploads\/2023\/10\/0_0-819x1024.webp 819w, https:\/\/102studio.eu\/wp-content\/uploads\/2023\/10\/0_0-240x300.webp 240w, https:\/\/102studio.eu\/wp-content\/uploads\/2023\/10\/0_0-768x960.webp 768w, https:\/\/102studio.eu\/wp-content\/uploads\/2023\/10\/0_0.webp 960w\" sizes=\"auto, (max-width: 819px) 100vw, 819px\" \/><\/figure>\n<\/div><\/div>\n<\/div>\n\n\n\n<div class=\"wp-block-columns has-nv-light-bg-background-color has-background is-layout-flex wp-container-core-columns-is-layout-9d6595d7 wp-block-columns-is-layout-flex\">\n<div class=\"wp-block-column is-vertically-aligned-bottom is-layout-flow wp-block-column-is-layout-flow\"><div class=\"wp-block-image\">\n<figure class=\"aligncenter size-large\"><img loading=\"lazy\" decoding=\"async\" width=\"819\" height=\"1024\" src=\"http:\/\/102studio.eu\/wp-content\/uploads\/2023\/10\/wenecjaemi1-819x1024.jpg\" alt=\"\" class=\"wp-image-36\" srcset=\"https:\/\/102studio.eu\/wp-content\/uploads\/2023\/10\/wenecjaemi1-819x1024.jpg 819w, https:\/\/102studio.eu\/wp-content\/uploads\/2023\/10\/wenecjaemi1-240x300.jpg 240w, https:\/\/102studio.eu\/wp-content\/uploads\/2023\/10\/wenecjaemi1-768x960.jpg 768w, https:\/\/102studio.eu\/wp-content\/uploads\/2023\/10\/wenecjaemi1.jpg 960w\" sizes=\"auto, (max-width: 819px) 100vw, 819px\" \/><\/figure>\n<\/div><\/div>\n\n\n\n<div class=\"wp-block-column is-vertically-aligned-bottom is-layout-flow wp-block-column-is-layout-flow\"><div class=\"wp-block-image\">\n<figure class=\"aligncenter size-large\"><img loading=\"lazy\" decoding=\"async\" width=\"819\" height=\"1024\" src=\"http:\/\/102studio.eu\/wp-content\/uploads\/2023\/10\/pipi2-819x1024.jpg\" alt=\"\" class=\"wp-image-37\" srcset=\"https:\/\/102studio.eu\/wp-content\/uploads\/2023\/10\/pipi2-819x1024.jpg 819w, https:\/\/102studio.eu\/wp-content\/uploads\/2023\/10\/pipi2-240x300.jpg 240w, https:\/\/102studio.eu\/wp-content\/uploads\/2023\/10\/pipi2-768x960.jpg 768w, https:\/\/102studio.eu\/wp-content\/uploads\/2023\/10\/pipi2.jpg 960w\" sizes=\"auto, (max-width: 819px) 100vw, 819px\" \/><\/figure>\n<\/div><\/div>\n<\/div>\n<\/div>\n<\/div>\n<\/div><\/div>\n<\/div><\/div>\n\n\n\n<div style=\"height:40px\" aria-hidden=\"true\" class=\"wp-block-spacer\"><\/div>\n\n\n\n<div class=\"wp-block-columns alignfull has-nv-light-bg-background-color has-background is-layout-flex wp-container-core-columns-is-layout-9d6595d7 wp-block-columns-is-layout-flex\">\n<div class=\"wp-block-column is-layout-flow wp-block-column-is-layout-flow\" style=\"flex-basis:300px\"><\/div>\n\n\n\n<div class=\"wp-block-column is-vertically-aligned-center is-layout-flow wp-block-column-is-layout-flow\"><\/div>\n\n\n\n<div class=\"wp-block-column has-x-large-font-size is-layout-flow wp-block-column-is-layout-flow\">\n<h2 class=\"wp-block-heading has-text-align-center\" id=\"kontakt\">Kontakt<\/h2>\n\n\n\n<p class=\"has-text-align-center has-medium-font-size\">E-mail:<\/p>\n\n\n\n<p class=\"has-text-align-center has-medium-font-size\">Adres:<\/p>\n\n\n\n<p class=\"has-text-align-center has-medium-font-size\">Telefon:<\/p>\n<\/div>\n\n\n\n<div class=\"wp-block-column is-layout-flow wp-block-column-is-layout-flow\" style=\"flex-basis:300px\"><\/div>\n<\/div>\n","protected":false},"excerpt":{"rendered":"<p>O nas Szerszy opis dzia\u0142alno\u015bci. Pozycja Cena Us\u0142uga 1 22 Us\u0142uga 2 23 Us\u0142uga 3 23 Us\u0142uga 4 23 Cennik Dodatkowe informacje. Kontakt E-mail: Adres: Telefon:<\/p>\n","protected":false},"author":1,"featured_media":0,"parent":0,"menu_order":0,"comment_status":"closed","ping_status":"closed","template":"","meta":{"neve_meta_sidebar":"","neve_meta_container":"","neve_meta_enable_content_width":"on","neve_meta_content_width":100,"neve_meta_title_alignment":"","neve_meta_author_avatar":"","neve_post_elements_order":"","neve_meta_disable_header":"","neve_meta_disable_footer":"","neve_meta_disable_title":"on","_ti_tpc_template_sync":false,"_ti_tpc_template_id":"","footnotes":""},"class_list":["post-15","page","type-page","status-publish","hentry"],"_links":{"self":[{"href":"https:\/\/102studio.eu\/index.php?rest_route=\/wp\/v2\/pages\/15","targetHints":{"allow":["GET"]}}],"collection":[{"href":"https:\/\/102studio.eu\/index.php?rest_route=\/wp\/v2\/pages"}],"about":[{"href":"https:\/\/102studio.eu\/index.php?rest_route=\/wp\/v2\/types\/page"}],"author":[{"embeddable":true,"href":"https:\/\/102studio.eu\/index.php?rest_route=\/wp\/v2\/users\/1"}],"replies":[{"embeddable":true,"href":"https:\/\/102studio.eu\/index.php?rest_route=%2Fwp%2Fv2%2Fcomments&post=15"}],"version-history":[{"count":3,"href":"https:\/\/102studio.eu\/index.php?rest_route=\/wp\/v2\/pages\/15\/revisions"}],"predecessor-version":[{"id":203,"href":"https:\/\/102studio.eu\/index.php?rest_route=\/wp\/v2\/pages\/15\/revisions\/203"}],"wp:attachment":[{"href":"https:\/\/102studio.eu\/index.php?rest_route=%2Fwp%2Fv2%2Fmedia&parent=15"}],"curies":[{"name":"wp","href":"https:\/\/api.w.org\/{rel}","templated":true}]}}